{"id":743,"date":"2021-11-27T08:48:50","date_gmt":"2021-11-27T08:48:50","guid":{"rendered":"https:\/\/skrineasatniky.sk\/eshop\/?post_type=product&#038;p=743"},"modified":"2025-11-20T15:30:07","modified_gmt":"2025-11-20T15:30:07","slug":"h-1242-agat-sheffield-prirodny-st10-18-mm","status":"publish","type":"product","link":"https:\/\/skrineasatniky.sk\/eshop\/produkt\/h-1242-agat-sheffield-prirodny-st10-18-mm\/","title":{"rendered":"H 1242 Ag\u00e1t sheffield pr\u00edrodn\u00fd ST10 \/ 18 mm"},"content":{"rendered":"","protected":false},"excerpt":{"rendered":"","protected":false},"featured_media":1919,"comment_status":"open","ping_status":"closed","template":"","meta":[],"product_brand":[],"product_cat":[39],"product_tag":[],"class_list":{"0":"post-743","1":"product","2":"type-product","3":"status-publish","4":"has-post-thumbnail","6":"product_cat-18-mm","8":"first","9":"instock","10":"taxable","11":"shipping-taxable","12":"purchasable","13":"product-type-simple"},"_links":{"self":[{"href":"https:\/\/skrineasatniky.sk\/eshop\/wp-json\/wp\/v2\/product\/743","targetHints":{"allow":["GET"]}}],"collection":[{"href":"https:\/\/skrineasatniky.sk\/eshop\/wp-json\/wp\/v2\/product"}],"about":[{"href":"https:\/\/skrineasatniky.sk\/eshop\/wp-json\/wp\/v2\/types\/product"}],"replies":[{"embeddable":true,"href":"https:\/\/skrineasatniky.sk\/eshop\/wp-json\/wp\/v2\/comments?post=743"}],"wp:featuredmedia":[{"embeddable":true,"href":"https:\/\/skrineasatniky.sk\/eshop\/wp-json\/wp\/v2\/media\/1919"}],"wp:attachment":[{"href":"https:\/\/skrineasatniky.sk\/eshop\/wp-json\/wp\/v2\/media?parent=743"}],"wp:term":[{"taxonomy":"product_brand","embeddable":true,"href":"https:\/\/skrineasatniky.sk\/eshop\/wp-json\/wp\/v2\/product_brand?post=743"},{"taxonomy":"product_cat","embeddable":true,"href":"https:\/\/skrineasatniky.sk\/eshop\/wp-json\/wp\/v2\/product_cat?post=743"},{"taxonomy":"product_tag","embeddable":true,"href":"https:\/\/skrineasatniky.sk\/eshop\/wp-json\/wp\/v2\/product_tag?post=743"}],"curies":[{"name":"wp","href":"https:\/\/api.w.org\/{rel}","templated":true}]}}