{"id":1578,"date":"2021-12-07T08:43:40","date_gmt":"2021-12-07T08:43:40","guid":{"rendered":"https:\/\/skrineasatniky.sk\/eshop\/?post_type=product&#038;p=1578"},"modified":"2025-01-21T15:50:49","modified_gmt":"2025-01-21T15:50:49","slug":"kos-na-pradlo-340x240x600mm","status":"publish","type":"product","link":"https:\/\/skrineasatniky.sk\/eshop\/produkt\/kos-na-pradlo-340x240x600mm\/","title":{"rendered":"K\u00d4\u0160 NA PR\u00c1DLO 340X240X600MM"},"content":{"rendered":"<p>Rozmery &#8211; h\u013abka 240mm<br \/>\n\u0161\u00edrka 340mm<br \/>\nv\u00fd\u0161ka 600mm<br \/>\nS\u00fa\u010das\u0165ou balenia je 1x k\u00f4\u0161, 4x h\u00e1\u010dik na osadenie na dvierka, 8x skrutka na uchytenie h\u00e1\u010dika<br \/>\nRozmery priestoru na zabudovanie &#8211; \u0161\u00edrka 355mm<br \/>\nh\u013abka 260mm<br \/>\nv\u00fd\u0161ka 620mm<\/p>\n","protected":false},"excerpt":{"rendered":"<div>\n<div>\n<div><img loading=\"lazy\" decoding=\"async\" class=\"alignnone size-full wp-image-1553\" src=\"https:\/\/skrineasatniky.sk\/eshop\/wp-content\/uploads\/2021\/12\/logo-wireli.jpg\" alt=\"\" width=\"175\" height=\"100\" srcset=\"https:\/\/skrineasatniky.sk\/eshop\/wp-content\/uploads\/2021\/12\/logo-wireli.jpg 175w, https:\/\/skrineasatniky.sk\/eshop\/wp-content\/uploads\/2021\/12\/logo-wireli-18x10.jpg 18w\" sizes=\"auto, (max-width: 175px) 100vw, 175px\" \/><\/div>\n<div><\/div>\n<\/div>\n<div><\/div>\n<\/div>\n<div><\/div>\n","protected":false},"featured_media":1571,"comment_status":"open","ping_status":"closed","template":"","meta":[],"product_brand":[],"product_cat":[75],"product_tag":[],"class_list":{"0":"post-1578","1":"product","2":"type-product","3":"status-publish","4":"has-post-thumbnail","6":"product_cat-droteny-program","8":"first","9":"outofstock","10":"taxable","11":"shipping-taxable","12":"purchasable","13":"product-type-simple"},"_links":{"self":[{"href":"https:\/\/skrineasatniky.sk\/eshop\/wp-json\/wp\/v2\/product\/1578","targetHints":{"allow":["GET"]}}],"collection":[{"href":"https:\/\/skrineasatniky.sk\/eshop\/wp-json\/wp\/v2\/product"}],"about":[{"href":"https:\/\/skrineasatniky.sk\/eshop\/wp-json\/wp\/v2\/types\/product"}],"replies":[{"embeddable":true,"href":"https:\/\/skrineasatniky.sk\/eshop\/wp-json\/wp\/v2\/comments?post=1578"}],"wp:featuredmedia":[{"embeddable":true,"href":"https:\/\/skrineasatniky.sk\/eshop\/wp-json\/wp\/v2\/media\/1571"}],"wp:attachment":[{"href":"https:\/\/skrineasatniky.sk\/eshop\/wp-json\/wp\/v2\/media?parent=1578"}],"wp:term":[{"taxonomy":"product_brand","embeddable":true,"href":"https:\/\/skrineasatniky.sk\/eshop\/wp-json\/wp\/v2\/product_brand?post=1578"},{"taxonomy":"product_cat","embeddable":true,"href":"https:\/\/skrineasatniky.sk\/eshop\/wp-json\/wp\/v2\/product_cat?post=1578"},{"taxonomy":"product_tag","embeddable":true,"href":"https:\/\/skrineasatniky.sk\/eshop\/wp-json\/wp\/v2\/product_tag?post=1578"}],"curies":[{"name":"wp","href":"https:\/\/api.w.org\/{rel}","templated":true}]}}