{"id":1565,"date":"2021-12-07T08:26:07","date_gmt":"2021-12-07T08:26:07","guid":{"rendered":"https:\/\/skrineasatniky.sk\/eshop\/?post_type=product&#038;p=1565"},"modified":"2025-01-21T15:52:15","modified_gmt":"2025-01-21T15:52:15","slug":"vysuvny-kos-600x150mm-plnovysuv-s-tlmenim","status":"publish","type":"product","link":"https:\/\/skrineasatniky.sk\/eshop\/produkt\/vysuvny-kos-600x150mm-plnovysuv-s-tlmenim\/","title":{"rendered":"V\u00ddSUVN\u00dd KO\u0160 600X150MM -PLNOV\u00ddSUV S TLMEN\u00cdM"},"content":{"rendered":"<p>V\u00fdsuvn\u00fd ko\u0161 do priestoru od 555mm do 615mm<br \/>\nV\u00fd\u0161ka ko\u0161a 150mm<br \/>\nVn\u00fatorn\u00e1 h\u013abka korpusu minim\u00e1lne 520mm<br \/>\nK\u00f4\u0161 je na guli\u010dkovom plnov\u00fdsuve 500mm<br \/>\nNostnos\u0165 ko\u0161a je 10kg<br \/>\nFarba : strieborn\u00fd epoxid<\/p>\n","protected":false},"excerpt":{"rendered":"<div>\n<div>\n<div><img loading=\"lazy\" decoding=\"async\" class=\"alignnone size-full wp-image-1553\" src=\"https:\/\/skrineasatniky.sk\/eshop\/wp-content\/uploads\/2021\/12\/logo-wireli.jpg\" alt=\"\" width=\"175\" height=\"100\" srcset=\"https:\/\/skrineasatniky.sk\/eshop\/wp-content\/uploads\/2021\/12\/logo-wireli.jpg 175w, https:\/\/skrineasatniky.sk\/eshop\/wp-content\/uploads\/2021\/12\/logo-wireli-18x10.jpg 18w\" sizes=\"auto, (max-width: 175px) 100vw, 175px\" \/><\/div>\n<div><\/div>\n<\/div>\n<div><\/div>\n<\/div>\n<div><\/div>\n","protected":false},"featured_media":1557,"comment_status":"open","ping_status":"closed","template":"","meta":[],"product_brand":[],"product_cat":[75],"product_tag":[],"class_list":{"0":"post-1565","1":"product","2":"type-product","3":"status-publish","4":"has-post-thumbnail","6":"product_cat-droteny-program","8":"first","9":"outofstock","10":"taxable","11":"shipping-taxable","12":"purchasable","13":"product-type-simple"},"_links":{"self":[{"href":"https:\/\/skrineasatniky.sk\/eshop\/wp-json\/wp\/v2\/product\/1565","targetHints":{"allow":["GET"]}}],"collection":[{"href":"https:\/\/skrineasatniky.sk\/eshop\/wp-json\/wp\/v2\/product"}],"about":[{"href":"https:\/\/skrineasatniky.sk\/eshop\/wp-json\/wp\/v2\/types\/product"}],"replies":[{"embeddable":true,"href":"https:\/\/skrineasatniky.sk\/eshop\/wp-json\/wp\/v2\/comments?post=1565"}],"wp:featuredmedia":[{"embeddable":true,"href":"https:\/\/skrineasatniky.sk\/eshop\/wp-json\/wp\/v2\/media\/1557"}],"wp:attachment":[{"href":"https:\/\/skrineasatniky.sk\/eshop\/wp-json\/wp\/v2\/media?parent=1565"}],"wp:term":[{"taxonomy":"product_brand","embeddable":true,"href":"https:\/\/skrineasatniky.sk\/eshop\/wp-json\/wp\/v2\/product_brand?post=1565"},{"taxonomy":"product_cat","embeddable":true,"href":"https:\/\/skrineasatniky.sk\/eshop\/wp-json\/wp\/v2\/product_cat?post=1565"},{"taxonomy":"product_tag","embeddable":true,"href":"https:\/\/skrineasatniky.sk\/eshop\/wp-json\/wp\/v2\/product_tag?post=1565"}],"curies":[{"name":"wp","href":"https:\/\/api.w.org\/{rel}","templated":true}]}}