{"id":1516,"date":"2021-12-03T17:05:22","date_gmt":"2021-12-03T17:05:22","guid":{"rendered":"https:\/\/skrineasatniky.sk\/eshop\/?post_type=product&#038;p=1516"},"modified":"2025-01-21T15:40:58","modified_gmt":"2025-01-21T15:40:58","slug":"montazna-podpera-ceresna-balenie-100-ks","status":"publish","type":"product","link":"https:\/\/skrineasatniky.sk\/eshop\/produkt\/montazna-podpera-ceresna-balenie-100-ks\/","title":{"rendered":"Mont\u00e1\u017ena podpera \u010dere\u0161\u0148a balenie 100 ks"},"content":{"rendered":"<p>Mont\u00e1\u017ena podpera \u010dere\u0161\u0148a<br \/>\nbalenie 100 ks<\/p>\n","protected":false},"excerpt":{"rendered":"<div>\n<div>\n<div>\n<div>SENATOR.<\/div>\n<\/div>\n<div><\/div>\n<\/div>\n<div><\/div>\n<\/div>\n<div><\/div>\n","protected":false},"featured_media":1482,"comment_status":"open","ping_status":"closed","template":"","meta":[],"product_brand":[],"product_cat":[67,74],"product_tag":[],"class_list":{"0":"post-1516","1":"product","2":"type-product","3":"status-publish","4":"has-post-thumbnail","6":"product_cat-prislusenstvo-k-systemu","7":"product_cat-prislusenstvo-k-systemu-oc","9":"first","10":"instock","11":"taxable","12":"shipping-taxable","13":"purchasable","14":"product-type-simple"},"_links":{"self":[{"href":"https:\/\/skrineasatniky.sk\/eshop\/wp-json\/wp\/v2\/product\/1516","targetHints":{"allow":["GET"]}}],"collection":[{"href":"https:\/\/skrineasatniky.sk\/eshop\/wp-json\/wp\/v2\/product"}],"about":[{"href":"https:\/\/skrineasatniky.sk\/eshop\/wp-json\/wp\/v2\/types\/product"}],"replies":[{"embeddable":true,"href":"https:\/\/skrineasatniky.sk\/eshop\/wp-json\/wp\/v2\/comments?post=1516"}],"wp:featuredmedia":[{"embeddable":true,"href":"https:\/\/skrineasatniky.sk\/eshop\/wp-json\/wp\/v2\/media\/1482"}],"wp:attachment":[{"href":"https:\/\/skrineasatniky.sk\/eshop\/wp-json\/wp\/v2\/media?parent=1516"}],"wp:term":[{"taxonomy":"product_brand","embeddable":true,"href":"https:\/\/skrineasatniky.sk\/eshop\/wp-json\/wp\/v2\/product_brand?post=1516"},{"taxonomy":"product_cat","embeddable":true,"href":"https:\/\/skrineasatniky.sk\/eshop\/wp-json\/wp\/v2\/product_cat?post=1516"},{"taxonomy":"product_tag","embeddable":true,"href":"https:\/\/skrineasatniky.sk\/eshop\/wp-json\/wp\/v2\/product_tag?post=1516"}],"curies":[{"name":"wp","href":"https:\/\/api.w.org\/{rel}","templated":true}]}}