{"id":1408,"date":"2021-12-03T14:52:08","date_gmt":"2021-12-03T14:52:08","guid":{"rendered":"https:\/\/skrineasatniky.sk\/eshop\/?post_type=product&#038;p=1408"},"modified":"2025-01-21T15:15:59","modified_gmt":"2025-01-21T15:15:59","slug":"dolna-dvojkolajnica-daral-minimax-aluminium-striebro","status":"publish","type":"product","link":"https:\/\/skrineasatniky.sk\/eshop\/produkt\/dolna-dvojkolajnica-daral-minimax-aluminium-striebro\/","title":{"rendered":"DOLN\u00c1 DVOJKO\u013dAJNICA DARAL \/ MINIMAX ALUMINIUM STRIEBRO"},"content":{"rendered":"<p>Doln\u00e1 dvojko\u013eajnica striebro<br \/>\nZvo\u013ete d\u013a\u017eku: 1,80 m, 2,70 m, 3,60 m, 4,00 m, 6,00 m<br \/>\nCena obsahuje 1 ks ko\u013eajnice a pred\u00e1va sa iba do p\u00e1ru s hornou ko\u013eajnicou<br \/>\nVhodn\u00e1 na r\u00e1my: minimax, dara<\/p>\n","protected":false},"excerpt":{"rendered":"<div>\n<div>\n<div>\n<div>SENATOR. K\u00d3D PRODUKTU: 784<\/div>\n<\/div>\n<div><\/div>\n<\/div>\n<div><\/div>\n<\/div>\n<div><\/div>\n","protected":false},"featured_media":1414,"comment_status":"open","ping_status":"closed","template":"","meta":[],"product_brand":[],"product_cat":[64],"product_tag":[],"class_list":{"0":"post-1408","1":"product","2":"type-product","3":"status-publish","4":"has-post-thumbnail","6":"product_cat-kolajnica-dolna-aluminium","8":"first","9":"instock","10":"taxable","11":"shipping-taxable","12":"purchasable","13":"product-type-variable"},"_links":{"self":[{"href":"https:\/\/skrineasatniky.sk\/eshop\/wp-json\/wp\/v2\/product\/1408","targetHints":{"allow":["GET"]}}],"collection":[{"href":"https:\/\/skrineasatniky.sk\/eshop\/wp-json\/wp\/v2\/product"}],"about":[{"href":"https:\/\/skrineasatniky.sk\/eshop\/wp-json\/wp\/v2\/types\/product"}],"replies":[{"embeddable":true,"href":"https:\/\/skrineasatniky.sk\/eshop\/wp-json\/wp\/v2\/comments?post=1408"}],"wp:featuredmedia":[{"embeddable":true,"href":"https:\/\/skrineasatniky.sk\/eshop\/wp-json\/wp\/v2\/media\/1414"}],"wp:attachment":[{"href":"https:\/\/skrineasatniky.sk\/eshop\/wp-json\/wp\/v2\/media?parent=1408"}],"wp:term":[{"taxonomy":"product_brand","embeddable":true,"href":"https:\/\/skrineasatniky.sk\/eshop\/wp-json\/wp\/v2\/product_brand?post=1408"},{"taxonomy":"product_cat","embeddable":true,"href":"https:\/\/skrineasatniky.sk\/eshop\/wp-json\/wp\/v2\/product_cat?post=1408"},{"taxonomy":"product_tag","embeddable":true,"href":"https:\/\/skrineasatniky.sk\/eshop\/wp-json\/wp\/v2\/product_tag?post=1408"}],"curies":[{"name":"wp","href":"https:\/\/api.w.org\/{rel}","templated":true}]}}