{"id":1229,"date":"2021-12-03T10:23:04","date_gmt":"2021-12-03T10:23:04","guid":{"rendered":"https:\/\/skrineasatniky.sk\/eshop\/?post_type=product&#038;p=1229"},"modified":"2025-11-20T15:30:27","modified_gmt":"2025-11-20T15:30:27","slug":"otvoreny-profil-zvisly-kefovany-nikel-265-m","status":"publish","type":"product","link":"https:\/\/skrineasatniky.sk\/eshop\/produkt\/otvoreny-profil-zvisly-kefovany-nikel-265-m\/","title":{"rendered":"OTVOREN\u00dd PROFIL ZVISL\u00dd KEFOVAN\u00dd NIKEL 2,65 M"},"content":{"rendered":"<p>Otvoren\u00fd profil zvisl\u00fd kefovan\u00fd nikel<br \/>\nZvisl\u00fd d\u013a\u017eka 2,65 m<br \/>\nDTD 10mm<br \/>\nZrkadlo 4\/5\/7\/8mm k tomu treba zak\u00fapi\u0165 tesnenie<br \/>\nCena obsahuje 1 ks r\u00e1mu<br \/>\nR\u00e1my sa pred\u00e1vaj\u00fa v p\u00e1roch napr. 2, 4, 6 &#8230;<\/p>\n","protected":false},"excerpt":{"rendered":"<p>SENATOR<\/p>\n","protected":false},"featured_media":1228,"comment_status":"open","ping_status":"closed","template":"","meta":[],"product_brand":[],"product_cat":[54],"product_tag":[],"class_list":{"0":"post-1229","1":"product","2":"type-product","3":"status-publish","4":"has-post-thumbnail","6":"product_cat-zvisle-profily-aluminium","8":"first","9":"instock","10":"taxable","11":"shipping-taxable","12":"purchasable","13":"product-type-simple"},"_links":{"self":[{"href":"https:\/\/skrineasatniky.sk\/eshop\/wp-json\/wp\/v2\/product\/1229","targetHints":{"allow":["GET"]}}],"collection":[{"href":"https:\/\/skrineasatniky.sk\/eshop\/wp-json\/wp\/v2\/product"}],"about":[{"href":"https:\/\/skrineasatniky.sk\/eshop\/wp-json\/wp\/v2\/types\/product"}],"replies":[{"embeddable":true,"href":"https:\/\/skrineasatniky.sk\/eshop\/wp-json\/wp\/v2\/comments?post=1229"}],"wp:featuredmedia":[{"embeddable":true,"href":"https:\/\/skrineasatniky.sk\/eshop\/wp-json\/wp\/v2\/media\/1228"}],"wp:attachment":[{"href":"https:\/\/skrineasatniky.sk\/eshop\/wp-json\/wp\/v2\/media?parent=1229"}],"wp:term":[{"taxonomy":"product_brand","embeddable":true,"href":"https:\/\/skrineasatniky.sk\/eshop\/wp-json\/wp\/v2\/product_brand?post=1229"},{"taxonomy":"product_cat","embeddable":true,"href":"https:\/\/skrineasatniky.sk\/eshop\/wp-json\/wp\/v2\/product_cat?post=1229"},{"taxonomy":"product_tag","embeddable":true,"href":"https:\/\/skrineasatniky.sk\/eshop\/wp-json\/wp\/v2\/product_tag?post=1229"}],"curies":[{"name":"wp","href":"https:\/\/api.w.org\/{rel}","templated":true}]}}