{"id":1167,"date":"2021-12-02T10:14:05","date_gmt":"2021-12-02T10:14:05","guid":{"rendered":"https:\/\/skrineasatniky.sk\/eshop\/?post_type=product&#038;p=1167"},"modified":"2025-01-21T15:32:20","modified_gmt":"2025-01-21T15:32:20","slug":"jednokolajnica-horna-aluminium-striebro","status":"publish","type":"product","link":"https:\/\/skrineasatniky.sk\/eshop\/produkt\/jednokolajnica-horna-aluminium-striebro\/","title":{"rendered":"JEDNOKO\u013dAJNICA HORN\u00c1 ALUMINIUM STRIEBRO"},"content":{"rendered":"<p>Jednoko\u013eajnica horn\u00e1 Aluminium striebro<br \/>\nZvo\u013ete d\u013a\u017eku: 1,80 m, 2,70 m, 3,60 m, 4,00 m, 6,00 m<br \/>\nCena obsahuje 1 ks ko\u013eajnice a pred\u00e1va sa iba do p\u00e1ru so spodnou ko\u013eajnicou<br \/>\nVhodn\u00e1 na r\u00e1my: otvoren\u00fd, zatvoren\u00fd, bis, bis plus, ideal, master, vector<\/p>\n","protected":false},"excerpt":{"rendered":"<div>\n<div>\n<div>\n<div>SENATOR. K\u00d3D PRODUKTU: 781<\/div>\n<\/div>\n<div><\/div>\n<\/div>\n<div><\/div>\n<\/div>\n<div><\/div>\n","protected":false},"featured_media":1173,"comment_status":"open","ping_status":"closed","template":"","meta":[],"product_brand":[],"product_cat":[65],"product_tag":[],"class_list":{"0":"post-1167","1":"product","2":"type-product","3":"status-publish","4":"has-post-thumbnail","6":"product_cat-jednokolaj-horna-aluminium","8":"first","9":"instock","10":"taxable","11":"shipping-taxable","12":"purchasable","13":"product-type-variable"},"_links":{"self":[{"href":"https:\/\/skrineasatniky.sk\/eshop\/wp-json\/wp\/v2\/product\/1167","targetHints":{"allow":["GET"]}}],"collection":[{"href":"https:\/\/skrineasatniky.sk\/eshop\/wp-json\/wp\/v2\/product"}],"about":[{"href":"https:\/\/skrineasatniky.sk\/eshop\/wp-json\/wp\/v2\/types\/product"}],"replies":[{"embeddable":true,"href":"https:\/\/skrineasatniky.sk\/eshop\/wp-json\/wp\/v2\/comments?post=1167"}],"wp:featuredmedia":[{"embeddable":true,"href":"https:\/\/skrineasatniky.sk\/eshop\/wp-json\/wp\/v2\/media\/1173"}],"wp:attachment":[{"href":"https:\/\/skrineasatniky.sk\/eshop\/wp-json\/wp\/v2\/media?parent=1167"}],"wp:term":[{"taxonomy":"product_brand","embeddable":true,"href":"https:\/\/skrineasatniky.sk\/eshop\/wp-json\/wp\/v2\/product_brand?post=1167"},{"taxonomy":"product_cat","embeddable":true,"href":"https:\/\/skrineasatniky.sk\/eshop\/wp-json\/wp\/v2\/product_cat?post=1167"},{"taxonomy":"product_tag","embeddable":true,"href":"https:\/\/skrineasatniky.sk\/eshop\/wp-json\/wp\/v2\/product_tag?post=1167"}],"curies":[{"name":"wp","href":"https:\/\/api.w.org\/{rel}","templated":true}]}}