{"id":1118,"date":"2021-12-02T09:15:40","date_gmt":"2021-12-02T09:15:40","guid":{"rendered":"https:\/\/skrineasatniky.sk\/eshop\/?post_type=product&#038;p=1118"},"modified":"2025-11-20T15:30:28","modified_gmt":"2025-11-20T15:30:28","slug":"kolieska-aluminium-zatvorene","status":"publish","type":"product","link":"https:\/\/skrineasatniky.sk\/eshop\/produkt\/kolieska-aluminium-zatvorene\/","title":{"rendered":"KOLIESKA ALUMINIUM ZATVOREN\u00c9"},"content":{"rendered":"<p>Kolieska aluminium vhodn\u00e9 na r\u00e1m zatvoren\u00fd, vector, master<br \/>\nCena obsahuje komplet sadu.<br \/>\nK tomu treba zak\u00fapi\u0165 4 x skrutku 6<a href=\"http:\/\/www.posuvnekovanie.sk\/prislusenstvo-k-systemu-aluminium-i218.html\">,3x 30mm<\/a>\u00a0( na 1 ks dver\u00ed )<\/p>\n","protected":false},"excerpt":{"rendered":"<div>\n<div>\n<div>\n<div>SENATOR<\/div>\n<\/div>\n<div><\/div>\n<\/div>\n<div><\/div>\n<\/div>\n<div><\/div>\n","protected":false},"featured_media":1119,"comment_status":"open","ping_status":"closed","template":"","meta":[],"product_brand":[],"product_cat":[62],"product_tag":[],"class_list":{"0":"post-1118","1":"product","2":"type-product","3":"status-publish","4":"has-post-thumbnail","6":"product_cat-kolieska-na-aluminium-ram","8":"first","9":"outofstock","10":"taxable","11":"shipping-taxable","12":"purchasable","13":"product-type-simple"},"_links":{"self":[{"href":"https:\/\/skrineasatniky.sk\/eshop\/wp-json\/wp\/v2\/product\/1118","targetHints":{"allow":["GET"]}}],"collection":[{"href":"https:\/\/skrineasatniky.sk\/eshop\/wp-json\/wp\/v2\/product"}],"about":[{"href":"https:\/\/skrineasatniky.sk\/eshop\/wp-json\/wp\/v2\/types\/product"}],"replies":[{"embeddable":true,"href":"https:\/\/skrineasatniky.sk\/eshop\/wp-json\/wp\/v2\/comments?post=1118"}],"wp:featuredmedia":[{"embeddable":true,"href":"https:\/\/skrineasatniky.sk\/eshop\/wp-json\/wp\/v2\/media\/1119"}],"wp:attachment":[{"href":"https:\/\/skrineasatniky.sk\/eshop\/wp-json\/wp\/v2\/media?parent=1118"}],"wp:term":[{"taxonomy":"product_brand","embeddable":true,"href":"https:\/\/skrineasatniky.sk\/eshop\/wp-json\/wp\/v2\/product_brand?post=1118"},{"taxonomy":"product_cat","embeddable":true,"href":"https:\/\/skrineasatniky.sk\/eshop\/wp-json\/wp\/v2\/product_cat?post=1118"},{"taxonomy":"product_tag","embeddable":true,"href":"https:\/\/skrineasatniky.sk\/eshop\/wp-json\/wp\/v2\/product_tag?post=1118"}],"curies":[{"name":"wp","href":"https:\/\/api.w.org\/{rel}","templated":true}]}}