{"id":1077,"date":"2021-12-02T08:08:37","date_gmt":"2021-12-02T08:08:37","guid":{"rendered":"https:\/\/skrineasatniky.sk\/eshop\/?post_type=product&#038;p=1077"},"modified":"2025-01-21T14:15:56","modified_gmt":"2025-01-21T14:15:56","slug":"vodorovny-profil-horny-sampan","status":"publish","type":"product","link":"https:\/\/skrineasatniky.sk\/eshop\/produkt\/vodorovny-profil-horny-sampan\/","title":{"rendered":"VODOROVN\u00dd PROFIL HORN\u00dd \u0160AMP\u00c1\u0147"},"content":{"rendered":"<p>Vodorovn\u00fd profil horn\u00fd \u0161amp\u00e1\u0148<br \/>\nZvo\u013ete d\u013a\u017eku: 1,80 m, 2,70 m, 3,60 m, 4,00 m, 6,00 m<br \/>\nDTD 10mm<br \/>\nZrkadlo 4\/5\/7\/8mm k tomu treba zak\u00fapi\u0165 tesnenie<br \/>\nCena obsahuje 1 ks r\u00e1mu<\/p>\n","protected":false},"excerpt":{"rendered":"<div>\n<div>\n<div>\n<div>SENATOR. K\u00d3D PRODUKTU: 10086<\/div>\n<\/div>\n<div><\/div>\n<\/div>\n<div><\/div>\n<\/div>\n<div><\/div>\n","protected":false},"featured_media":1083,"comment_status":"open","ping_status":"closed","template":"","meta":[],"product_brand":[],"product_cat":[59],"product_tag":[],"class_list":{"0":"post-1077","1":"product","2":"type-product","3":"status-publish","4":"has-post-thumbnail","6":"product_cat-vodorovne-profily-aluminium-horny","8":"first","9":"instock","10":"taxable","11":"shipping-taxable","12":"purchasable","13":"product-type-variable"},"_links":{"self":[{"href":"https:\/\/skrineasatniky.sk\/eshop\/wp-json\/wp\/v2\/product\/1077","targetHints":{"allow":["GET"]}}],"collection":[{"href":"https:\/\/skrineasatniky.sk\/eshop\/wp-json\/wp\/v2\/product"}],"about":[{"href":"https:\/\/skrineasatniky.sk\/eshop\/wp-json\/wp\/v2\/types\/product"}],"replies":[{"embeddable":true,"href":"https:\/\/skrineasatniky.sk\/eshop\/wp-json\/wp\/v2\/comments?post=1077"}],"wp:featuredmedia":[{"embeddable":true,"href":"https:\/\/skrineasatniky.sk\/eshop\/wp-json\/wp\/v2\/media\/1083"}],"wp:attachment":[{"href":"https:\/\/skrineasatniky.sk\/eshop\/wp-json\/wp\/v2\/media?parent=1077"}],"wp:term":[{"taxonomy":"product_brand","embeddable":true,"href":"https:\/\/skrineasatniky.sk\/eshop\/wp-json\/wp\/v2\/product_brand?post=1077"},{"taxonomy":"product_cat","embeddable":true,"href":"https:\/\/skrineasatniky.sk\/eshop\/wp-json\/wp\/v2\/product_cat?post=1077"},{"taxonomy":"product_tag","embeddable":true,"href":"https:\/\/skrineasatniky.sk\/eshop\/wp-json\/wp\/v2\/product_tag?post=1077"}],"curies":[{"name":"wp","href":"https:\/\/api.w.org\/{rel}","templated":true}]}}