{"id":535,"date":"2021-11-20T09:51:10","date_gmt":"2021-11-20T09:51:10","guid":{"rendered":"https:\/\/skrineasatniky.sk\/eshop\/?page_id=535"},"modified":"2022-01-26T15:56:24","modified_gmt":"2022-01-26T15:56:24","slug":"manualy","status":"publish","type":"page","link":"https:\/\/skrineasatniky.sk\/eshop\/manualy\/","title":{"rendered":"Manu\u00e1ly"},"content":{"rendered":"\n<p>Dostupn\u00e9 na stiahnutie:<\/p>\n\n\n\n<ul class=\"sub-menu wp-block-list\"><li><a href=\"https:\/\/skrineasatniky.sk\/eshop\/dolezite\/manualy\/POSUVNE_DVERE_HLINIK.pdf\">ALUM\u00cdNIUM POSUVN\u00c9 DVERE <\/a><\/li><li><a href=\"https:\/\/skrineasatniky.sk\/eshop\/dolezite\/manualy\/ZAVESNE_DVERE_HLINIK.pdf\">ALUM\u00cdNIUM Z\u00c1VESNE DVERE<\/a><\/li><li><a href=\"https:\/\/skrineasatniky.sk\/eshop\/dolezite\/manualy\/OTACAVE_DVERE_HLINIK.pdf\">ALUM\u00cdNIUM OT\u00c1\u010cAVE DVER<\/a><\/li><li><a href=\"https:\/\/skrineasatniky.sk\/eshop\/dolezite\/manualy\/TLMIC_NA_POSUVNE_DVERE.pdf\">ALUM\u00cdNIUM TLMI\u010c NA POSUVN\u00c9 DVERE<\/a><\/li><li><a href=\"https:\/\/skrineasatniky.sk\/eshop\/dolezite\/manualy\/MULTI_SYSTEM.pdf\">ALUM\u00cdNIUM MULTI SYST\u00c9M<\/a><\/li><li><a href=\"https:\/\/skrineasatniky.sk\/eshop\/dolezite\/manualy\/POSUVNO_SKLADANY_SYSTEM.pdf\">ALUM\u00cdNIUM POSUVNO SKLADAC\u00cd SYST\u00c9M<\/a><\/li><li><a href=\"https:\/\/skrineasatniky.sk\/eshop\/dolezite\/manualy\/ZAMOK_POSUVNYCH_DVERI.pdf\">Z\u00c1MOK<\/a><\/li><li><a href=\"https:\/\/skrineasatniky.sk\/eshop\/dolezite\/manualy\/POSUVNE_DVERE_OCEL.pdf\">OCE\u013d POSUVN\u00c9 DVERE<\/a><\/li><li><a href=\"https:\/\/skrineasatniky.sk\/eshop\/dolezite\/manualy\/OTACAVE_DVERE_OCEL.pdf\">OCE\u013d OT\u00c1\u010cAV\u00c9 DVERE<\/a><\/li><li><a href=\"https:\/\/skrineasatniky.sk\/eshop\/dolezite\/manualy\/TLMIC_NA_POSUVNE_DVERE_60_KG.pdf\">ALUM\u00cdNIUM TLMI\u010c NA POSUVN\u00c9 DVERE DO 60 KG<\/a><\/li><li><a href=\"https:\/\/skrineasatniky.sk\/eshop\/dolezite\/manualy\/Universal%20rollers.jpg\">MONT\u00c1\u017d UNIVERZ\u00c1LNYCH KOLIESOK ALUMINIUM<\/a><\/li><li><a href=\"https:\/\/skrineasatniky.sk\/eshop\/dolezite\/manualy\/Odpo%C4%8Dty.pdf\">ODPO\u010cET Z  PRIESTORU NA POSUVN\u00c9 DVERE <\/a><\/li><li><a href=\"https:\/\/skrineasatniky.sk\/eshop\/dolezite\/manualy\/Rozmery%20ko%C4%BEajn%C3%ADc%20vodotlac.pdf\">ROZMERY KO\u013dAJN\u00cdC<\/a><\/li><\/ul>\n","protected":false},"excerpt":{"rendered":"<p>Dostupn\u00e9 na stiahnutie: ALUM\u00cdNIUM POSUVN\u00c9 DVERE ALUM\u00cdNIUM Z\u00c1VESNE DVERE ALUM\u00cdNIUM OT\u00c1\u010cAVE DVER ALUM\u00cdNIUM TLMI\u010c NA POSUVN\u00c9 DVERE ALUM\u00cdNIUM MULTI SYST\u00c9M ALUM\u00cdNIUM POSUVNO SKLADAC\u00cd SYST\u00c9M Z\u00c1MOK OCE\u013d POSUVN\u00c9 DVERE OCE\u013d OT\u00c1\u010cAV\u00c9 DVERE ALUM\u00cdNIUM TLMI\u010c NA POSUVN\u00c9 DVERE DO 60 KG MONT\u00c1\u017d UNIVERZ\u00c1LNYCH KOLIESOK ALUMINIUM ODPO\u010cET Z PRIESTORU NA POSUVN\u00c9 DVERE ROZMERY KO\u013dAJN\u00cdC<\/p>\n","protected":false},"author":1,"featured_media":0,"parent":0,"menu_order":0,"comment_status":"closed","ping_status":"closed","template":"","meta":{"footnotes":""},"class_list":["post-535","page","type-page","status-publish","hentry"],"_links":{"self":[{"href":"https:\/\/skrineasatniky.sk\/eshop\/wp-json\/wp\/v2\/pages\/535","targetHints":{"allow":["GET"]}}],"collection":[{"href":"https:\/\/skrineasatniky.sk\/eshop\/wp-json\/wp\/v2\/pages"}],"about":[{"href":"https:\/\/skrineasatniky.sk\/eshop\/wp-json\/wp\/v2\/types\/page"}],"author":[{"embeddable":true,"href":"https:\/\/skrineasatniky.sk\/eshop\/wp-json\/wp\/v2\/users\/1"}],"replies":[{"embeddable":true,"href":"https:\/\/skrineasatniky.sk\/eshop\/wp-json\/wp\/v2\/comments?post=535"}],"version-history":[{"count":7,"href":"https:\/\/skrineasatniky.sk\/eshop\/wp-json\/wp\/v2\/pages\/535\/revisions"}],"predecessor-version":[{"id":1721,"href":"https:\/\/skrineasatniky.sk\/eshop\/wp-json\/wp\/v2\/pages\/535\/revisions\/1721"}],"wp:attachment":[{"href":"https:\/\/skrineasatniky.sk\/eshop\/wp-json\/wp\/v2\/media?parent=535"}],"curies":[{"name":"wp","href":"https:\/\/api.w.org\/{rel}","templated":true}]}}