{"id":452,"date":"2021-11-17T15:10:04","date_gmt":"2021-11-17T15:10:04","guid":{"rendered":"https:\/\/skrineasatniky.sk\/eshop\/?page_id=452"},"modified":"2021-11-23T08:29:32","modified_gmt":"2021-11-23T08:29:32","slug":"ochrana-osobnych-udajov","status":"publish","type":"page","link":"https:\/\/skrineasatniky.sk\/eshop\/ochrana-osobnych-udajov\/","title":{"rendered":"OCHRANA OSOBN\u00ddCH \u00daDAJOV"},"content":{"rendered":"\n<p>SPRACOVANIE OSOBN\u00ddCH \u00daDAJOV<\/p>\n\n\n\n<ul class=\"wp-block-list\"><li>V \u017eiadnom pr\u00edpade neposkytujeme va\u0161e osobn\u00e9 \u00fadaje tret\u00edm stran\u00e1m (okrem rozsahu potrebn\u00e9ho na doru\u010denie tovaru).<\/li><li>Osobn\u00e9 \u00fadaje s\u00fa ulo\u017een\u00e9 v zabezpe\u010denej datab\u00e1ze s potrebou autorizovan\u00e9ho pr\u00edstupu.<\/li><li>V\u0161etci pracovn\u00edci&nbsp;<strong>SPOLOCNOSTI OBCHOD s.r.o.<\/strong>, ktor\u00ed pr\u00eddu do styku s va\u0161imi osobn\u00fdmi \u00fadajmi, boli n\u00e1le\u017eite pou\u010den\u00ed o spr\u00e1vnom a citlivom zaobch\u00e1dzan\u00ed s nimi.<\/li><li>Ak si ne\u017eel\u00e1te dost\u00e1va\u0165 emaily s na\u0161imi akciami, sta\u010d\u00ed ich vypn\u00fa\u0165 v nastaven\u00ed v\u00e1\u0161ho konta, pr\u00edpadne n\u00e1s o tejto skuto\u010dnosti sta\u010d\u00ed informova\u0165 e-mailom.<\/li><li>Z\u00edskavame od v\u00e1s iba tie \u00fadaje, ktor\u00e9 skuto\u010dne potrebujeme na spracovanie va\u0161ej objedn\u00e1vky.<\/li><li>M\u00f4\u017eete kedyko\u013evek po\u017eiada\u0165 o zmazanie v\u00e1\u0161ho konta a hist\u00f3rie objedn\u00e1vok e-mailom, p\u00edsomne alebo osobnou n\u00e1v\u0161tevou.<br><\/li><\/ul>\n\n\n\n<p>Prev\u00e1dzkovate\u013e internetov\u00e9ho obchodu&nbsp;<strong>www.skrineasatniky.sk<\/strong>&nbsp;je<br>OBCHOD s.r.o., Tram\u00ednov\u00e1 3, Bratislava 831 52<br><br>Prev\u00e1dzkovate\u013e z\u00edskava osobn\u00e9 \u00fadaje pomocou registra\u010dn\u00e9ho formul\u00e1ra, umiestnen\u00e9ho na str\u00e1nke&nbsp;<strong>www.skrineasatniky.sk<\/strong><br><br><br>SPROSTREDKOVATE\u013d DOPRAVY<br><strong>Slovensk\u00e1 po\u0161ta, SDS,Top Trans, OBCHOD<\/strong>,<br><br><br>\u00da\u010cEL SPRAC\u00daVANIA OSOBN\u00ddCH \u00daDAJOV<\/p>\n\n\n\n<ul class=\"wp-block-list\"><li>Vystavenie da\u0148ov\u00e9ho dokladu &#8211; fakt\u00fary, v zmysle z\u00e1kona 222\/2004 Z.z. o dani z pridanej hodnoty, \u00a7 71 ods. 2 pism. b).<\/li><li>Doru\u010denie tovaru a identifik\u00e1cia z\u00e1kazn\u00edka pred odovzdan\u00edm vopred zaplaten\u00e9ho tovaru.<\/li><li>Potvrdenie objedn\u00e1vky, platby za tovar, dodanie objednan\u00e9ho tovaru &#8211; telefonicky a prostredn\u00edctvom elektronickej po\u0161ty.<\/li><li>Evidencia z\u00e1kazn\u00edkov na \u00fa\u010dely vedenia ich u\u017e\u00edvate\u013esk\u00fdch \u00fa\u010dtov na str\u00e1nke\u00a0<strong>www.skrineasatniky.sk<\/strong><\/li><li>Evidencia z\u00e1kazn\u00edckych objedn\u00e1vok pre rie\u0161enie pr\u00edpadn\u00fdch reklam\u00e1ci\u00ed.<\/li><\/ul>\n\n\n\n<p>ZOZNAM SPRAC\u00daVAN\u00ddCH \u00daDAJOV<\/p>\n\n\n\n<ul class=\"wp-block-list\"><li>Faktura\u010dn\u00e9 \u00fadaje &#8211; meno a priezvisko, adresa trval\u00e9ho bydliska, pri registr\u00e1cii firiem aj I\u010cO a DI\u010c<\/li><li>\u00dadaje pre doru\u010denie &#8211; meno a priezvisko pr\u00edjemcu, adresa doru\u010denia<\/li><li>Kontaktn\u00e9 \u00fadaje:<ul><li>Telef\u00f3nne \u010d\u00edslo &#8211; pre potreby potvrdenia objedn\u00e1vky, komunik\u00e1ciu so z\u00e1kazn\u00edkom, doru\u010denia tovaru kuri\u00e9rskou slu\u017ebou.<\/li><li>Adresa elektronickej po\u0161ty (e-mail) &#8211; pre potreby zaslania potvrdenia objedn\u00e1vky a na \u010fal\u0161iu komunik\u00e1ciu so z\u00e1kazn\u00edkom.<\/li><\/ul><\/li><li>\u00dadaje o Va\u0161ich objedn\u00e1vkach &#8211; pre potreby ich vybavenia a rie\u0161enia pr\u00edpadn\u00fdch reklam\u00e1ci\u00ed.<\/li><\/ul>\n\n\n\n<p>NUTNOS\u0164 POSKYTNUTIA OSOBN\u00ddCH \u00daDAJOV<br>Prev\u00e1dzkovate\u013e z\u00edskava iba tie osobn\u00e9 \u00fadaje, ktor\u00e9 s\u00fa nevyhnutn\u00e9 na splnenie z\u00e1v\u00e4zkov, ktor\u00e9 od neho z\u00e1kazn\u00edk objednan\u00edm tovaru o\u010dak\u00e1va. Bez t\u00fdchto \u00fadajov nebude mo\u017en\u00e9 spracova\u0165 prijat\u00fa objedn\u00e1vku. Z tohoto d\u00f4vodu je z\u00e1kazn\u00edk povinn\u00fd vyplni\u0165 v\u0161etky po\u017eadovan\u00e9 \u00fadaje pri realizovan\u00ed objedn\u00e1vky.<br><br><br>TRETIE STRANY, KTOR\u00ddM BUD\u00da \u00daDAJE POSKYTNUT\u00c9<br>Osobn\u00e9 \u00fadaje neposkytujeme \u017eiadnym spolo\u010dnostiam spravuj\u00facim datab\u00e1zy osobn\u00fdch \u00fadajov, ani \u017eiadnym in\u00fdm tret\u00edm stran\u00e1m, okrem rozsahu potrebn\u00e9ho na samotn\u00e9 doru\u010denie tovaru kuri\u00e9rskou slu\u017ebou.<br><br><br>ZVEREJNENIE \u00daDAJOV<br>Na\u0161a spolo\u010dnos\u0165 z\u00edskan\u00e9 \u00fadaje v \u017eiadnom pr\u00edpade nezverej\u0148uje.<br><br><br>PR\u00c1VA A POVINNOSTI DOTKNUTEJ OSOBY<\/p>\n\n\n\n<ul class=\"wp-block-list\"><li>Z\u00e1kazn\u00edk spolo\u010dnosti&nbsp;<strong>OBCHOD s.r.o., Tram\u00ednov\u00e1 3, Bratislava 831 52<\/strong>&nbsp;&#8211; dotknut\u00e1 osoba v zmysle z\u00e1kona NR SR \u010d. 122\/2013 Z.z. o ochrane osobn\u00fdch \u00fadajov a o zmene a doplnen\u00ed niektor\u00fdch z\u00e1konov (\u010falej len &#8222;dotknut\u00e1 osoba&#8220;), je povinn\u00fd uvies\u0165 pri registr\u00e1cii konta do internetov\u00e9ho obchodu iba \u00fapln\u00e9 a pravdiv\u00e9 \u00fadaje.<br><\/li><li>Dotknut\u00e1 osoba sa zav\u00e4zuje, \u017ee v pr\u00edpade zmeny svoje \u00fadaje zaktualizuje a to najnesk\u00f4r pred zrealizovan\u00edm prvej objedn\u00e1vky nasleduj\u00facej po vzniku zmeny.<br><\/li><li>Dotknut\u00e1 osoba sa zav\u00e4zuje, \u017ee ak poskytne osobn\u00e9 \u00fadaje tretej osoby ako \u00fadaje pre doru\u010denie (meno, priezvisko, telef\u00f3nne \u010d\u00edslo), rob\u00ed tak iba s jej s\u00fahlasom a dotknut\u00e1 osoba je obozn\u00e1men\u00e1 s postupmi, pr\u00e1vami a povinnos\u0165ami, ktor\u00e9 s\u00fa uveden\u00e9 na tejto str\u00e1nke.<br><\/li><li>Dotknut\u00e1 osoba m\u00e1 pr\u00e1vo na z\u00e1klade p\u00edsomnej \u017eiadosti, e-mailom, alebo osobnou n\u00e1v\u0161tevou v s\u00eddle spolo\u010dnosti od prev\u00e1dzkovate\u013ea vy\u017eadova\u0165:<br><ul><li>Inform\u00e1cie o stave sprac\u00favania svojich osobn\u00fdch \u00fadajov.<\/li><li>Inform\u00e1cie o zdroji, z ktor\u00e9ho z\u00edskal jej osobn\u00e9 \u00fadaje.<\/li><li>Odpis jej osobn\u00fdch \u00fadajov, ktor\u00e9 s\u00fa predmetom sprac\u00favania.<\/li><li>Opravu jej nespr\u00e1vnych, ne\u00fapln\u00fdch alebo neaktu\u00e1lnych osobn\u00fdch \u00fadajov, ktor\u00e9 s\u00fa predmetom sprac\u00favania.<\/li><li>Likvid\u00e1ciu jej osobn\u00fdch \u00fadajov. Vymaza\u0165 je pri tom mo\u017en\u00e9 iba konto a hist\u00f3riu objedn\u00e1vok na internetovom obchode. V pr\u00edpr\u00edpade u\u017e existuj\u00facej a spracovanej objedn\u00e1vky musia by\u0165 osobn\u00e9 \u00fadaje archivovan\u00e9 v \u00fa\u010dtovnom syst\u00e9me spolo\u010dnosti v s\u00falade s pr\u00edslu\u0161n\u00fdmi pr\u00e1vnymi predpismi.<\/li><li>\u00dapravu osobn\u00fdch \u00fadajov m\u00f4\u017ee dotknut\u00e1 osoba realizova\u0165 vlastnoru\u010dne v polo\u017eke &#8222;moje konto&#8220;, po prihl\u00e1sen\u00ed z\u00e1kazn\u00edka.<\/li><li>V\u0161etky opr\u00e1vnen\u00e9 po\u017eiadavky dotknutej osoby bud\u00fa splnen\u00e9 a dotknut\u00e1 osoba bude o tom informovan\u00e1 do 30 dn\u00ed od ich prijatia.<br><\/li><\/ul><\/li><li>Dotknut\u00e1 osoba si m\u00f4\u017ee uplatni\u0165 svoje pr\u00e1va vypl\u00fdvaj\u00face zo z\u00e1kona NR SR \u010d. 122\/2013 Z.z. o ochrane osobn\u00fdch \u00fadajov a o zmene a doplnen\u00ed niektor\u00fdch z\u00e1konov, a to: e-mailom, p\u00edsomne alebo osobne na adrese s\u00eddla spolo\u010dnosti.<\/li><\/ul>\n","protected":false},"excerpt":{"rendered":"<p>SPRACOVANIE OSOBN\u00ddCH \u00daDAJOV V \u017eiadnom pr\u00edpade neposkytujeme va\u0161e osobn\u00e9 \u00fadaje tret\u00edm stran\u00e1m (okrem rozsahu potrebn\u00e9ho na doru\u010denie tovaru). Osobn\u00e9 \u00fadaje s\u00fa ulo\u017een\u00e9 v zabezpe\u010denej datab\u00e1ze s potrebou autorizovan\u00e9ho pr\u00edstupu. V\u0161etci pracovn\u00edci&nbsp;SPOLOCNOSTI OBCHOD s.r.o., ktor\u00ed pr\u00eddu do styku s va\u0161imi osobn\u00fdmi \u00fadajmi, boli n\u00e1le\u017eite pou\u010den\u00ed o spr\u00e1vnom a citlivom zaobch\u00e1dzan\u00ed s nimi. Ak si ne\u017eel\u00e1te dost\u00e1va\u0165 [&hellip;]<\/p>\n","protected":false},"author":1,"featured_media":0,"parent":0,"menu_order":0,"comment_status":"closed","ping_status":"closed","template":"","meta":{"footnotes":""},"class_list":["post-452","page","type-page","status-publish","hentry"],"_links":{"self":[{"href":"https:\/\/skrineasatniky.sk\/eshop\/wp-json\/wp\/v2\/pages\/452","targetHints":{"allow":["GET"]}}],"collection":[{"href":"https:\/\/skrineasatniky.sk\/eshop\/wp-json\/wp\/v2\/pages"}],"about":[{"href":"https:\/\/skrineasatniky.sk\/eshop\/wp-json\/wp\/v2\/types\/page"}],"author":[{"embeddable":true,"href":"https:\/\/skrineasatniky.sk\/eshop\/wp-json\/wp\/v2\/users\/1"}],"replies":[{"embeddable":true,"href":"https:\/\/skrineasatniky.sk\/eshop\/wp-json\/wp\/v2\/comments?post=452"}],"version-history":[{"count":2,"href":"https:\/\/skrineasatniky.sk\/eshop\/wp-json\/wp\/v2\/pages\/452\/revisions"}],"predecessor-version":[{"id":626,"href":"https:\/\/skrineasatniky.sk\/eshop\/wp-json\/wp\/v2\/pages\/452\/revisions\/626"}],"wp:attachment":[{"href":"https:\/\/skrineasatniky.sk\/eshop\/wp-json\/wp\/v2\/media?parent=452"}],"curies":[{"name":"wp","href":"https:\/\/api.w.org\/{rel}","templated":true}]}}