{"id":448,"date":"2021-11-17T15:07:55","date_gmt":"2021-11-17T15:07:55","guid":{"rendered":"https:\/\/skrineasatniky.sk\/eshop\/?page_id=448"},"modified":"2021-11-26T06:48:36","modified_gmt":"2021-11-26T06:48:36","slug":"obchodne-podmienky","status":"publish","type":"page","link":"https:\/\/skrineasatniky.sk\/eshop\/obchodne-podmienky\/","title":{"rendered":"Obchodn\u00e9 podmienky"},"content":{"rendered":"\n<p>1.&nbsp;V\u0160EOBECN\u00c9 USTANOVENIA A VYMEDZENIE POJMOV<\/p>\n\n\n\n<ul class=\"wp-block-list\"><li>Tieto v\u0161eobecn\u00e9 obchodn\u00e9 podmienky (\u010falej len &#8222;podmienky&#8220;) sa vz\u0165ahuj\u00fa na obchodn\u00e9 vz\u0165ahy medzi kupuj\u00facim a spolo\u010dnos\u0165ou&nbsp;<strong>OBCHOD s.r.o., Tram\u00ednov\u00e1 3, Bratislava 831 52&nbsp;<\/strong>uzatvoren\u00e9 prostredn\u00edctvom syst\u00e9mu elektronick\u00e9ho obchodn\u00e9ho domu&nbsp;<a href=\"https:\/\/www.skrineasatniky.sk\">www.skrineasatniky.sk&nbsp;<\/a>(\u010falej len &#8222;obchod&#8220;).<\/li><li>Kupuj\u00facim sa rozumie v obchode zaregistrovan\u00e1 fyzick\u00e1 osoba, alebo pr\u00e1vnick\u00e1 osoba, ktor\u00e1 odoslala po vlastnej autoriz\u00e1cii elektronick\u00fa objedn\u00e1vku, spracovan\u00fa syst\u00e9mom obchodu.<\/li><li>Elektronickou objedn\u00e1vkou sa rozumie odoslan\u00fd elektronick\u00fd formul\u00e1r, obsahuj\u00faci inform\u00e1cie o kupuj\u00facom, zoznam objednan\u00e9ho tovaru z ponuky obchodu a cenu tohto tovaru, spracovan\u00fd syst\u00e9mom obchodu alebo e-mail odoslan\u00fd na adresu pred\u00e1vaj\u00faceho.<\/li><li>Podmienky bli\u017e\u0161ie vymedzuj\u00fa a upres\u0148uj\u00fa pr\u00e1va a povinnosti prev\u00e1dzkovate\u013ea a kupuj\u00faceho a vo svojom aktu\u00e1lnom znen\u00ed tvoria neoddelite\u013en\u00fa s\u00fa\u010das\u0165 k\u00fapnej zmluvy.<\/li><li>Tovar &#8211; produkty alebo slu\u017eby, ktor\u00e9 sa nach\u00e1dzaj\u00fa v ponuke na\u0161ej spolo\u010dnosti a nakupuj\u00fa sa prostredn\u00edctvom obchodn\u00e9ho syst\u00e9mu <a href=\"https:\/\/www.skrineasatniky.sk\">www.skrineasatniky.sk&nbsp;<\/a><\/li><\/ul>\n\n\n\n<p>2.\u00a0OBJEDN\u00c1VKA A UZATVORENIE ZMLUVY. Objedn\u00e1vky prijat\u00e9 prostredn\u00edctvom internetov\u00e9ho obchodu posuvnekovanie.sk s\u00fa pre obe zmluvn\u00e9 strany z\u00e1v\u00e4zn\u00e9. Odoslan\u00edm objedn\u00e1vky z\u00e1kazn\u00edk potvrdzuje, \u017ee sa obozn\u00e1mil s t\u00fdmito n\u00e1kupn\u00fdmi i reklama\u010dn\u00fdmi podmienkami. Podmienkou platnosti elektronickej objedn\u00e1vky je pravdiv\u00e9 a \u00fapln\u00e9 vyplnenie v\u0161etk\u00fdch \u00fadajov a n\u00e1le\u017eitost\u00ed po\u017eadovan\u00fdch syst\u00e9mom pri registr\u00e1ci\u00ed, alebo pri realiz\u00e1ci\u00ed objedn\u00e1vky. K\u00fapna zmluva medzi pred\u00e1vaj\u00facim a kupuj\u00facim vznik\u00e1 odoslan\u00edm objedn\u00e1vky zo strany kupuj\u00faceho z\u00e1kazn\u00edka a jej prijat\u00edm na strane pred\u00e1vaj\u00faceho.<\/p>\n\n\n\n<p>3.\u00a0DODACIE LEHOTY. Pred\u00e1vaj\u00faci sa zav\u00e4zuje:<\/p>\n\n\n\n<ul class=\"wp-block-list\"><li>doda\u0165 kupuj\u00facemu druh a mno\u017estvo objednan\u00e9ho tovaru v k\u00fapnej cene a za platobn\u00fdch podmienok, ktor\u00e9 platia v de\u0148 odoslania objedn\u00e1vky.<\/li><li>doda\u0165 kupuj\u00facemu tovar vhodne zabalen\u00fd, aby nedo\u0161lo k jeho po\u0161kodeniu po\u010das prepravy.<\/li><li>pri objedn\u00e1vke viacer\u00fdch produktov odosla\u0165 tovar naraz, av\u0161ak ak na niektor\u00fd z v\u00fdrobkov je dlh\u0161ia doba dodania a objedn\u00e1vka obsahuje aj tovar dr\u017ean\u00fd skladom \/ihne\u010f k dispoz\u00edcii\/ a jedn\u00e1 sa o tovar, ktor\u00fd nie je nadrozmern\u00fd a odosiela sa kurierskou spolo\u010dnostou SDS, TopTrans, OBCHOD, bude objedn\u00e1vka vybavovan\u00e1 postupne, tovar na sklade najprv a potom objednan\u00fd tovar. V tomto pr\u00edpade v\u00e1m bud\u00fa expedi\u010dn\u00e9 n\u00e1klady \u00fa\u010dtovan\u00e9 len raz, pri prvej dod\u00e1vke tovaru.<\/li><\/ul>\n\n\n\n<p>Pred\u00e1vaj\u00faci nezodpoved\u00e1 za:<\/p>\n\n\n\n<ul class=\"wp-block-list\"><li>oneskoren\u00e9 dodanie tovaru zavinen\u00e9 po\u0161tou, resp. prepravnou spolo\u010dnos\u0165ou.<\/li><li>oneskoren\u00e9 dodanie tovaru zavinen\u00e9 nespr\u00e1vne udanou adresou prij\u00edmate\u013ea.<\/li><li>za po\u0161kodenie z\u00e1sielky zavinen\u00e9 po\u0161tou, resp. prepravnou spolo\u010dnos\u0165ou.<\/li><li>pr\u00edpadn\u00e9 nedodanie tovaru, ku ktor\u00e9mu do\u0161lo vinou v\u00fdrobcu (dod\u00e1vate\u013ea) v d\u00f4sledku ak\u00e9hoko\u013evek obmedzenia, pr\u00edpadne zru\u0161enia distribu\u010dn\u00fdch pr\u00e1v alebo prek\u00e1\u017eok. \/Ak sa tak\u00e1to skuto\u010dnos\u0165 vyskytne, budeme v\u00e1s ihne\u010f kontaktova\u0165 a navrhneme dostupn\u00e9 rie\u0161enia.\/<\/li><\/ul>\n\n\n\n<p>Kupuj\u00faci sa zav\u00e4zuje:<\/p>\n\n\n\n<ul class=\"wp-block-list\"><li>objednan\u00fd tovar prevzia\u0165, skontrolova\u0165 neporu\u0161enos\u0165 obalov.<\/li><li>zaplati\u0165 za tovar cenu v plnej v\u00fd\u0161ke a v zmysle platobn\u00fdch podmienok platn\u00fdch v de\u0148 odoslania objedn\u00e1vky. V pr\u00edpade, \u017ee si kupuj\u00faci tovar neprevezme (na z\u00e1klade objedn\u00e1vky), pred\u00e1vaj\u00faci si vyhradzuje pr\u00e1vo uplatni\u0165 svoj n\u00e1rok na n\u00e1hradu vzniknutej \u0161kody. V pr\u00edpade, \u017ee si z\u00e1kazn\u00edk tovar neprevezme pri prvom doru\u010den\u00ed, a po\u017eaduje op\u00e4tovn\u00e9 doru\u010denie tovaru, je povinn\u00fd uhradi\u0165 n\u00e1klady prv\u00e9ho ako aj op\u00e4tovn\u00e9ho doru\u010denia tovaru.<\/li><\/ul>\n\n\n\n<p>4.&nbsp;DODACIE LEHOTYDod\u00e1vky objednan\u00e9ho tovaru bud\u00fa pod\u013ea dostupnosti produktov a prev\u00e1dzkov\u00fdch mo\u017enost\u00ed pred\u00e1vaj\u00faceho realizovan\u00e9 v \u010do najkrat\u0161om term\u00edne. Priemern\u00e1 doba exped\u00edcie n\u00e1\u0161ho tovaru sa pohybuje v rozmedz\u00ed 3-10 dn\u00ed na kovanie a 10 a\u017e 18 dn\u00ed pre drevotriesky, posuvn\u00e9 dvere a pre tovar na mieru. Pri tovare ktor\u00fd nie je skladom V\u00e1s vopred upozorn\u00edme e-mailom alebo telefonicky na zmenu dodacej lehoty V\u00e1\u0161ho tovaru a budete ma\u0165 mo\u017enos\u0165 objedn\u00e1vku stornova\u0165, pr\u00edpadne zmeni\u0165 objedn\u00e1vku rep. objedn\u00e1vku m\u00f4\u017ee stornova\u0165 pred\u00e1vaj\u00faci po obozn\u00e1men\u00ed kupuj\u00facemu.<\/p>\n\n\n\n<p>5.\u00a0CENY TOVARU. Ceny uveden\u00e9 v na\u0161om internetovom obchode s\u00fa platn\u00e9 v \u010dase objednania tovaru. Vyhradzujeme si pr\u00e1vo tla\u010dov\u00fdch ch\u00fdb a zmeny cien, v pr\u00edpade zmeny pe\u0148a\u017en\u00fdch kurzov, pri v\u00fdraznom n\u00e1raste infl\u00e1cie alebo pri v\u00fdrazn\u00fdch zmen\u00e1ch dod\u00e1vate\u013esk\u00fdch podmienok od v\u00fdrobcov a ostatn\u00fdch dod\u00e1vate\u013eov tovaru. V\u0161etky ceny s\u00fa vr\u00e1tane 20% dane z pridanej hodnoty (DPH). V cene tovaru nie su zapo\u010d\u00edtan\u00e9 expedi\u010dn\u00e9 n\u00e1klady. Dokladom o predaji je fakt\u00fara, ktor\u00e1 je posielan\u00e1 e-mail po doru\u010den\u00ed tovaru z\u00e1kazn\u00edkovi \u00a0do 14 dn\u00ed, a ktor\u00e1 sl\u00fa\u017ei z\u00e1rove\u0148 ako dodac\u00ed a ke\u010f nie je prilo\u017een\u00fd samostatn\u00fd z\u00e1ru\u010dn\u00fd list tak ako aj z\u00e1ru\u010dn\u00fd list.<\/p>\n\n\n\n<p>6.\u00a0PLATBY ZA TOVAR A PO\u0160TOVN\u00c9. Bankov\u00fdm prevodom \/ vkladom na n\u00e1\u0161 \u00fa\u010det<br>Bankov\u00e9 spojenie: Tatra Banka\u010d\u00edslo \u00fa\u010dtu\u00a0IBAN: SK83 1100 0000 0026 2502 8918<br>BIC: TATRSKBX<br>Dobierka (z\u00e1sielkov\u00e1 slu\u017eba, Slov. po\u0161ta)<\/p>\n\n\n\n<p>SDS, TOPTRANS, OBCHOD, 9,00 EUR<br>Doprava na kolieska resp. doplnky max. do v\u00e1ha 1 KG. plat\u00ed pre cel\u00e9 Slovensko. Osobn\u00fd odber nie je mo\u017en\u00fd.<\/p>\n\n\n\n<p>SDS, TOPTRANS, OBCHOD, 15,00 EUR<br>Doprava cel\u00e9 Slovensko d\u013a\u017eka tovaru max. 3 m.<\/p>\n\n\n\n<p>SDS, TOPTRANS, OBCHOD, 18,00 EUR<br>Doprava Bratislavsk\u00fd kraj d\u013a\u017eka tovaru nad 3 m.<\/p>\n\n\n\n<p>SDS, TOPTRANS, 21,00 EUR<br>Doprava Trnavsk\u00fd, Nitriansk\u00fd a Banskobystrick\u00fd kraj d\u013a\u017eka tovaru nad 3 m.<\/p>\n\n\n\n<p>SDS, TOPTRANS, 24,00 EUR<br>Doprava Tren\u010diansk\u00fd, \u017dilinsk\u00fd, Pre\u0161ovsk\u00fd, Ko\u0161ick\u00fd kraj kraj d\u013a\u017eka tovaru nad 3 m.<\/p>\n\n\n\n<p>OBCHOD DOPRAVA PRE DREVOTRIESKU. 12,00 EUR<br>Doprava na drevotriesku v r\u00e1mci BA. Rozvoz rob\u00edme ka\u017ed\u00fa Stredu, \u0160tvrtok medzi 10,00 a\u017e 15,00 hod. Doprava nezah\u0155\u0148a vyn\u00e1\u0161ku !<\/p>\n\n\n\n<p>OBCHOD DOPRAVA PRE DREVOTRIESKU. 23,00 EUR<br>Doprava na drevotriesku do 25 km BA. Rozvoz rob\u00edme ka\u017ed\u00fa Stredu, \u0160tvrtok medzi 10,00 a\u017e 15,00 hod. Doprava nezah\u0155\u0148a vyn\u00e1\u0161ku !<\/p>\n\n\n\n<p>OBCHOD DOPRAVA PRE DREVOTRIESKU. 36,00 EUR<br>Doprava na drevotriesku do 50 km BA. Rozvoz rob\u00edme ka\u017ed\u00fa Stredu, \u0160tvrtok medzi 10,00 a\u017e 15,00 hod. Doprava nezah\u0155\u0148a vyn\u00e1\u0161ku !<\/p>\n\n\n\n<p>OSOBN\u00dd ODBER.0 EUR<br>Osobn\u00fd odber je mo\u017en\u00fd iba na drevotriesky a posuvn\u00e9 dvere v BA-D\u00fabravka!<br>Osobn\u00fd odberOsobn\u00fd odber je iba mo\u017en\u00fd pre objedn\u00e1vku na drevotriesku pre kupuj\u00faceho maxim\u00e1lne &nbsp;kalend\u00e1rnych dni odo d\u0148a skompetizovania objedn\u00e1vky. Ak ned\u00f4jde k platbe do 3 dn\u00ed, m\u00e1 pred\u00e1vaj\u00faci pr\u00e1vo, po predo\u0161lom upozornen\u00ed kupuj\u00faceho, odst\u00fapi\u0165 od k\u00fapnej zmluvy.<\/p>\n\n\n\n<p>Tovar kurierskou spolo\u010dnos\u0165uObjednan\u00fd tovar zasielame po\u0161tou( kovanie) na adresu udan\u00fa z\u00e1kazn\u00edkom v objedn\u00e1vke. Z\u00e1kazn\u00edk za tovar zaplat\u00ed bu\u010f na z\u00e1klade predfakt\u00fary na n\u00e1\u0161 \u00fa\u010det, alebo pln\u00fa sumu pri preberan\u00ed dobierky doru\u010dovate\u013eovi z\u00e1sielky. N\u00e1\u0161 e-shop v s\u00fa\u010dasnosti vyu\u017e\u00edva a preferuje z\u00e1sielky prostredn\u00edctvom kurierskej spolo\u010dnosti.<\/p>\n\n\n\n<p>&#8211; Platba za drevotriesku resp. posuvn\u00fdch dver\u00ed sa uhr\u00e1dza na z\u00e1klade predfakt\u00fary v celej sume objedn\u00e1vky. Ke\u010f registrujememe platbu z\u00e1kazn\u00edk je informovan\u00fd &nbsp;a objedn\u00e1vku zad\u00e1vame do v\u00fdroby. N\u00e1sledne z\u00e1kazn\u00edka kontaktujeme e-mail alebo telefonicky.- Uveden\u00e9 ceny platia pre Slovensk\u00fa republiku.<br>&#8211; Pri objedn\u00e1vke do zahrani\u010dia po\u0161tovn\u00e9 vypo\u010d\u00edtavame individu\u00e1lne a je potrebn\u00e1 platba vopred na \u00fa\u010det!<\/p>\n\n\n\n<p>7.\u00a0ZRU\u0160ENIE OBJEDN\u00c1VKY. Kupuj\u00faci je opr\u00e1vnen\u00fd stornova\u0165 objedn\u00e1vku bez udania d\u00f4vodu do 1 hodiny od jej odoslania. (Po 1 hodine prev\u00e1dzkovate\u013e za\u010dne objedn\u00e1vku vybavova\u0165). Zru\u0161enie objedn\u00e1vky n\u00e1m za\u0161lite na na\u0161 e- mail, obratom V\u00e1m za\u0161leme potvrdenie o zru\u0161en\u00ed objedn\u00e1vky.<\/p>\n\n\n\n<p>8.\u00a0VR\u00c1TENIE TOVARU. Pod\u013ea \u00a7 12 z\u00e1kona 108\/2000 Z.z., tovar zak\u00fapen\u00fd v na\u0161om internetovom obchode je mo\u017en\u00e9 vr\u00e1ti\u0165 bez udania d\u00f4vodu najnesk\u00f4r do 14 dn\u00ed od jeho prevzatia. Tovar je potrebn\u00e9 vr\u00e1ti\u0165 na adresu Senator, Ag\u00e1tov\u00e1 22, Bratislava 841 01, v origin\u00e1lnom balen\u00ed, kompletn\u00fd, nepou\u017eit\u00fd a nepo\u0161koden\u00fd okrem tovaru na mieru( drevotriesky, posuvn\u00e9 dvere a in\u00ed). Prepravn\u00e9 n\u00e1klady pri vr\u00e1ten\u00ed tovaru hrad\u00ed z\u00e1kazn\u00edk. Tovar vr\u00e1ten\u00fd na sp\u00f4sob dobierky neprij\u00edmame! Cena za tovar bude z\u00e1kazn\u00edkovi vr\u00e1ten\u00e1 bezodkladne po skontrolovan\u00ed vr\u00e1ten\u00e9ho tovaru a odpo\u010d\u00edtan\u00ed n\u00e1kladov na dopravu.<\/p>\n\n\n\n<p>9.\u00a0REKLAMA\u010cN\u00dd PORIADOK. V  pr\u00edpade reklam\u00e1cie je potrebn\u00e9 n\u00e1s kontaktova\u0165 prostredn\u00edctvom e-mail info@skrineasatniky.sk a posla\u0165 \u00a0tovar sp\u00e4\u0165, na na\u0161u adresu: Senator, Ag\u00e1tov\u00e1 22, Bratislava 841 01. Po obdr\u017ean\u00ed tovaru najnesk\u00f4r do troch pracovn\u00fdch dn\u00ed mailom alebo telefonick\u00fdm kontaktom si s Vami prejdeme postup a sp\u00f4sob vybavenia reklam\u00e1cie.<\/p>\n\n\n\n<p><strong>Kupuj\u00facemu odpor\u00fa\u010dame pred prevzat\u00edm a zaplaten\u00edm z\u00e1sielky kurierovi<\/strong>, na mieste skontrolova\u0165 \u010di z\u00e1sielka nie je po\u0161koden\u00e1. V pr\u00edpade rozsiahleho po\u0161kodenia (roztrhnut\u00fd obal, deform\u00e1cie a in\u00e9 rozsiahle po\u0161kodenie)&nbsp;<strong>odpor\u00fa\u010dame z\u00e1sielku neprebra\u0165<\/strong>.<\/p>\n\n\n\n<p>V pr\u00edpade reklam\u00e1cie za\u0161le kupuj\u00faci reklamovan\u00fd tovar na horeuvedn\u00fa adresu. Bal\u00edk mus\u00ed by\u0165 riadne zabalen\u00fd a m\u00e1 obsahova\u0165: reklamovan\u00fd tovar vr\u00e1tane pr\u00edslu\u0161enstva, popis z\u00e1vady a kontaktn\u00e9 \u00fadaje kupuj\u00faceho &#8211; spiato\u010dn\u00e1 adresa, tel.\u010d\u00edslo, e-mail. Tovar zasielajte bu\u010f formou bal\u00edka, alebo doporu\u010dene ako list <strong>v\u00fdhradne cez kuri\u00e9ra do na\u0161ej spolo\u010dnosti<\/strong>. Pri zaslan\u00ed tovaru dobierkou nebude t\u00e1to z\u00e1sielka prijat\u00e1. Reklamovan\u00fd tovar mus\u00ed by\u0165 dodan\u00fd \u010dist\u00fd a mechanicky nepo\u0161koden\u00fd.<\/p>\n\n\n\n<p>N\u00e1klady na prepravu reklamovan\u00e9ho tovaru smerom od kupuj\u00faceho k pred\u00e1vaj\u00facemu hrad\u00ed kupuj\u00faci. Po\u0161tovn\u00e9 a in\u00e9 poplatky nevraciame.<\/p>\n\n\n\n<p>Spiato\u010dn\u00fa prepravu po vybaven\u00ed opr\u00e1vnenej reklam\u00e1cie hrad\u00ed pred\u00e1vaj\u00faci. V pr\u00edpade, \u017ee d\u00f4jde k vade v\u00fdrobku v z\u00e1ru\u010dnej dobe, m\u00e1 zakazn\u00edk pr\u00e1vo na odstr\u00e1nenie vzniknutej vady. V pr\u00edpade, \u017ee vada tovaru je neodstr\u00e1nite\u013en\u00e1, nahrad\u00ed dod\u00e1vate\u013e zakazn\u00edkovi vadn\u00fd v\u00fdrobok nov\u00fdm, alebo po dohode &#8211; v\u00fdrobkom in\u00e9ho typu, pri\u010dom d\u00f4jde k doplateniu, alebo vr\u00e1teniu cenov\u00e9ho rozdielu.Z\u00e1ruka sa nevz\u0165ahuje na po\u0161kodenie vzniknut\u00e9:<\/p>\n\n\n\n<ul class=\"wp-block-list\"><li>prirodzen\u00fdm alebo nadmern\u00fdm mechanick\u00fdm opotreben\u00edm<\/li><li>zne\u010disten\u00edm tovaru alebo jeho \u010dast\u00ed v d\u00f4sledku zanedbania \u00fadr\u017eby<\/li><li>pou\u017e\u00edvan\u00edm tovaru v podmienkach, ktor\u00e9 nezodpovedaj\u00fa svojou teplotou, pra\u0161nos\u0165ou, vlhkos\u0165ou, chemick\u00fdmi a mechanick\u00fdmi vplyvmi prostredia, v ktorom sa tovar be\u017ene pou\u017e\u00edva<\/li><li>vonkaj\u0161\u00edmi vplyvmi, napr. p\u00e1dom alebo n\u00e1razom, vniknut\u00edm vody do elektrick\u00fdch \u010dast\u00ed<\/li><li>z\u00e1sahom do tovaru neopr\u00e1vnenou osobou (neodborn\u00e9 opravy alebo \u00fapravy)<\/li><li>pri pou\u017e\u00edvan\u00ed tovaru v rozpore s n\u00e1vodom na obsluhu<\/li><li>mechanick\u00fdm po\u0161koden\u00edm- roztrhnut\u00fd, prerezan\u00fd, tepelne po\u0161koden\u00fd tovar, tovar po\u0161koden\u00fd neopatrn\u00fdm ne\u00famern\u00fdm fyzick\u00fdm zaobch\u00e1dzan\u00edm, z\u00e1mern\u00fdm po\u0161kraban\u00edm vrstiev tovaru a pod.<\/li><\/ul>\n\n\n\n<p>Z\u00e1ruka sa tie\u017e nevz\u0165ahuje na \u0161kody vzniknut\u00e9 v d\u00f4sledku \u017eivelnej udalosti, \u017eivelnej katastrofy, n\u00e1siln\u00e9ho po\u0161kodenia, poveternostn\u00fdch podmienok, alebo prev\u00e1dzkou v extr\u00e9mnych a neobvykl\u00fdch podmienkach.<\/p>\n\n\n\n<p>V pr\u00edpade neopr\u00e1vnenej reklam\u00e1cie bude tovar vr\u00e1ten\u00fd sp\u00e4\u0165 kupuj\u00facemu s pr\u00edslu\u0161n\u00fdm stanoviskom. Ak bude kupuj\u00faci \u017eiada\u0165 odstr\u00e1nenie z\u00e1vady na vlastn\u00e9 n\u00e1klady, servisn\u00fd z\u00e1sah bude uskuto\u010dnen\u00fd a\u017e po jeho p\u00edsomnom s\u00fahlase s podmienkami opravy. Reklam\u00e1ciu tovaru vybavuje pred\u00e1vaj\u00fac\u00ed bez zbyto\u010dn\u00e9ho odkladu, maxim\u00e1lne v\u0161ak do 30 dn\u00ed od d\u00e1tumu uplatnenia reklam\u00e1cie kupuj\u00fac\u00edm.<\/p>\n\n\n\n<p>Vybaven\u00edm opr\u00e1vnenej reklam\u00e1cie sa z\u00e1ru\u010dn\u00e1 doba predl\u017euje o dobu trvania reklam\u00e1cie. Ak bola reklam\u00e1cia v z\u00e1konnej z\u00e1ru\u010dnej lehote vybaven\u00e1 v\u00fdmenou tovaru za nov\u00fd, potom z\u00e1ru\u010dn\u00e1 doba za\u010dne plyn\u00fa\u0165 znova od d\u00e1tumu vybavenia reklam\u00e1cie.<\/p>\n\n\n\n<p>Pred\u00e1vaj\u00fac\u00ed upozorn\u00ed o vybaven\u00ed reklam\u00e1cie kupuj\u00faceho bu\u010f telefonicky, SMS, alebo e-mailom a tovar odo\u0161le na vlastn\u00e9 n\u00e1klady na adresu kupuj\u00faceho.<\/p>\n\n\n\n<p>10.&nbsp;OCHRANA S\u00daKROMIAPrev\u00e1dzkovate\u013e sa zav\u00e4zuje, \u017ee \u00fadaje, ktor\u00e9 mu kupuj\u00faci poskytne sl\u00fa\u017eia v\u00fdlu\u010dne pre potreby pred\u00e1vaj\u00faceho s\u00favisiace s plnen\u00edm z\u00e1v\u00e4zkov vypl\u00fdvaj\u00facich z k\u00fapnej zmluvy. Tieto \u00fadaje nebud\u00fa \u010falej poskytovan\u00e9 tret\u00edm osob\u00e1m ani inak komer\u010dne vyu\u017e\u00edvan\u00e9. Prev\u00e1dzkovate\u013e sa zav\u00e4zuje k tomu, \u017ee na prianie kupuj\u00faceho i bez udania d\u00f4vodov, kedyko\u013evek jeho osobn\u00e9 \u00fadaje vyma\u017ee zo svojej datab\u00e1zy.<\/p>\n\n\n\n<p>11.\u00a0Z\u00c1VERE\u010cN\u00c9 A PRECHODN\u00c9 USTANOVENIA. <strong>Tieto v\u0161eobecn\u00e9 obchodn\u00e9 podmienky platia v znen\u00ed uvedenom na internetovej str\u00e1nke prev\u00e1dzkovate\u013ea v de\u0148 odoslania elektronickej objedn\u00e1vky s v\u00fdnimkou ak je medzi oboma stranami vyslovene dohodnut\u00e9 inak.<\/strong><\/p>\n\n\n\n<p><strong>Odoslan\u00edm elektronickej objedn\u00e1vky kupuj\u00faci bez v\u00fdhrad akceptuje v\u0161etky ustanovenia &#8222;V\u0161eobecn\u00fdch obchodn\u00fdch podmienok&#8220; v znen\u00ed platnom v de\u0148 odoslania tejto objedn\u00e1vky.<\/strong><\/p>\n\n\n\n<p>Kupuj\u00faci prehlasuje, \u017ee sa pred vyplnen\u00edm objedn\u00e1vky obozn\u00e1mil s t\u00fdmito v\u0161eobecn\u00fdmi obchodn\u00fdmi podmienkami a \u017ee s nimi s\u00fahlas\u00ed. Bez oh\u013eadu na ostatn\u00e9 ustanovenia zmluvy, nezodpoved\u00e1 pred\u00e1vaj\u00faci kupuj\u00facemu za u\u0161l\u00fd zisk, stratu pr\u00edle\u017eitosti alebo \u017eiadne in\u00e9 nepriame alebo n\u00e1sledn\u00e9 straty v d\u00f4sledku nedbalosti, poru\u0161enia zmluvy alebo vzniknut\u00e9 in\u00fdm sp\u00f4sobom. V pr\u00edpade, ak sa preuk\u00e1\u017eu kompetentn\u00fdm org\u00e1nom Slovenskej republiky niektor\u00e9 ustanovenia t\u00fdchto podmienok ako neplatn\u00e9 alebo nevyn\u00fatite\u013en\u00e9, a to celkom alebo \u010diasto\u010dne, platnos\u0165 a vyn\u00fatite\u013enos\u0165 ostatn\u00fdch ustanoven\u00ed a zvy\u0161n\u00e9 \u010dasti pr\u00edslu\u0161n\u00e9ho ustanovenia t\u00fdm zost\u00e1vaj\u00fa nedotknut\u00e9. Vz\u0165ahy medzi oboma stranami, ktor\u00e9 nie s\u00fa upraven\u00e9 t\u00fdmito &#8222;V\u0161eobecn\u00fdmi obchodn\u00fdmi podmienkami&#8220; sa riadia pr\u00edslu\u0161n\u00fdmi ustanoveniami z\u00e1kona \u010d. 40\/1964 zb. Ob\u010diansky z\u00e1konn\u00edk v znen\u00ed neskor\u0161\u00edch predpisov, z\u00e1kona \u010d. 250\/2007 Z.z. o ochrane spotrebite\u013ea a o zmene z\u00e1kona Slovenskej n\u00e1rodnej rady \u010d. 372\/1990 Zb. o priestupkoch v znen\u00ed neskor\u0161\u00edch predpisov a z\u00e1kona \u010d. 108\/2000 Z.z. o ochrane spotrebite\u013ea pri podomovom predaji a z\u00e1sielkovom predaji v znen\u00ed neskor\u0161\u00edch predpisov, z\u00e1kona \u010d. 22\/2004 Z.z. o elektronickom obchode v znen\u00ed neskor\u0161\u00edch predpisov, pr\u00edpadne in\u00fdmi z\u00e1konmi slovensk\u00e9ho pr\u00e1vneho poriadku.<\/p>\n\n\n\n<p>Pred\u00e1vaj\u00faci a kupuj\u00faci sa dohodli, \u017ee plne uzn\u00e1vaj\u00fa elektronick\u00fa formu komunik\u00e1cie, najm\u00e4 prostredn\u00edctvom elektronickej po\u0161ty a internetovej siete ako platn\u00fa a z\u00e1v\u00e4zn\u00fa pre obe zmluvn\u00e9 strany.<\/p>\n\n\n\n<p><em>Dod\u00e1vate\u013e si vyhradzuje pr\u00e1vo meni\u0165 a inak upravova\u0165 tieto obchodn\u00e9 podmienky.<\/em><br>V Bratislava 20.5.2018<\/p>\n","protected":false},"excerpt":{"rendered":"<p>1.&nbsp;V\u0160EOBECN\u00c9 USTANOVENIA A VYMEDZENIE POJMOV Tieto v\u0161eobecn\u00e9 obchodn\u00e9 podmienky (\u010falej len &#8222;podmienky&#8220;) sa vz\u0165ahuj\u00fa na obchodn\u00e9 vz\u0165ahy medzi kupuj\u00facim a spolo\u010dnos\u0165ou&nbsp;OBCHOD s.r.o., Tram\u00ednov\u00e1 3, Bratislava 831 52&nbsp;uzatvoren\u00e9 prostredn\u00edctvom syst\u00e9mu elektronick\u00e9ho obchodn\u00e9ho domu&nbsp;www.skrineasatniky.sk&nbsp;(\u010falej len &#8222;obchod&#8220;). Kupuj\u00facim sa rozumie v obchode zaregistrovan\u00e1 fyzick\u00e1 osoba, alebo pr\u00e1vnick\u00e1 osoba, ktor\u00e1 odoslala po vlastnej autoriz\u00e1cii elektronick\u00fa objedn\u00e1vku, spracovan\u00fa syst\u00e9mom obchodu. [&hellip;]<\/p>\n","protected":false},"author":1,"featured_media":0,"parent":0,"menu_order":0,"comment_status":"closed","ping_status":"closed","template":"","meta":{"footnotes":""},"class_list":["post-448","page","type-page","status-publish","hentry"],"_links":{"self":[{"href":"https:\/\/skrineasatniky.sk\/eshop\/wp-json\/wp\/v2\/pages\/448","targetHints":{"allow":["GET"]}}],"collection":[{"href":"https:\/\/skrineasatniky.sk\/eshop\/wp-json\/wp\/v2\/pages"}],"about":[{"href":"https:\/\/skrineasatniky.sk\/eshop\/wp-json\/wp\/v2\/types\/page"}],"author":[{"embeddable":true,"href":"https:\/\/skrineasatniky.sk\/eshop\/wp-json\/wp\/v2\/users\/1"}],"replies":[{"embeddable":true,"href":"https:\/\/skrineasatniky.sk\/eshop\/wp-json\/wp\/v2\/comments?post=448"}],"version-history":[{"count":3,"href":"https:\/\/skrineasatniky.sk\/eshop\/wp-json\/wp\/v2\/pages\/448\/revisions"}],"predecessor-version":[{"id":644,"href":"https:\/\/skrineasatniky.sk\/eshop\/wp-json\/wp\/v2\/pages\/448\/revisions\/644"}],"wp:attachment":[{"href":"https:\/\/skrineasatniky.sk\/eshop\/wp-json\/wp\/v2\/media?parent=448"}],"curies":[{"name":"wp","href":"https:\/\/api.w.org\/{rel}","templated":true}]}}